{"id":1875,"date":"2023-06-27T15:40:48","date_gmt":"2023-06-27T13:40:48","guid":{"rendered":"http:\/\/atelier-thompson.de\/?page_id=1875"},"modified":"2023-06-27T20:36:44","modified_gmt":"2023-06-27T18:36:44","slug":"biographie","status":"publish","type":"page","link":"https:\/\/atelier-thompson.de\/?page_id=1875","title":{"rendered":"Biographie"},"content":{"rendered":"\n<figure class=\"wp-block-table\"><table><tbody><tr><td>1948<\/td><td>geboren in Nordhorn (Kreis Grafschaft Bentheim)<\/td><\/tr><tr><td>1968<\/td><td>Abitur- Thema &#8222;Ernst Barlach&#8220;<br>In der Oberstufe stark gef\u00f6rdert durch K\u00fcnstler und<br>Lehrer Hans Ohlms<\/td><\/tr><tr><td>1968-1972<\/td><td>Studium an der P\u00e4dagogischen Hochschule Osnabr\u00fcck<br>Hauptfach Kunst und Visuelle Kommunikation bei<br>Prof. Egon Martin und Prof. Klaus Sliwka<br>Besondere Auseinandersetzung mit der Ikonenmalerei<br>und der Karikatur<br>Nebenf\u00e4cher Deutsch und Biologie<\/td><\/tr><tr><td>1971-1972<\/td><td>Studium an der Hochschule f\u00fcr Gestaltung, Bremen, bei Prof. Gerhart Schreiter, Bildhauerklasse<br>Stipendium der Stadt Bremen<\/td><\/tr><tr><td>Seit 1972<\/td><td>Lehrerin an einer F\u00f6rderschule mit dem<br>Schwerpunkt Lernen<\/td><\/tr><tr><td>Seit 2011<\/td><td>im Ruhestand<\/td><\/tr><\/tbody><\/table><\/figure>\n","protected":false},"excerpt":{"rendered":"<p>1948 geboren in Nordhorn (Kreis Grafschaft Bentheim) 1968 Abitur- Thema &#8222;Ernst Barlach&#8220;In der Oberstufe stark gef\u00f6rdert durch K\u00fcnstler undLehrer Hans Ohlms 1968-1972 Studium an der P\u00e4dagogischen Hochschule Osnabr\u00fcckHauptfach Kunst und Visuelle Kommunikation beiProf. Egon Martin und Prof. Klaus SliwkaBesondere Auseinandersetzung mit der Ikonenmalereiund der KarikaturNebenf\u00e4cher Deutsch und Biologie 1971-1972 Studium an der Hochschule f\u00fcr Gestaltung, &hellip;<\/p>\n<p class=\"read-more\"> <a class=\"\" href=\"https:\/\/atelier-thompson.de\/?page_id=1875\"> <span class=\"screen-reader-text\">Biographie<\/span> Weiterlesen &raquo;<\/a><\/p>\n","protected":false},"author":1,"featured_media":0,"parent":0,"menu_order":0,"comment_status":"closed","ping_status":"closed","template":"","meta":{"site-sidebar-layout":"default","site-content-layout":"default","ast-global-header-display":"","ast-banner-title-visibility":"","ast-main-header-display":"","ast-hfb-above-header-display":"","ast-hfb-below-header-display":"","ast-hfb-mobile-header-display":"","site-post-title":"","ast-breadcrumbs-content":"","ast-featured-img":"","footer-sml-layout":"","theme-transparent-header-meta":"","adv-header-id-meta":"","stick-header-meta":"","header-above-stick-meta":"","header-main-stick-meta":"","header-below-stick-meta":"","ngg_post_thumbnail":0},"_links":{"self":[{"href":"https:\/\/atelier-thompson.de\/index.php?rest_route=\/wp\/v2\/pages\/1875"}],"collection":[{"href":"https:\/\/atelier-thompson.de\/index.php?rest_route=\/wp\/v2\/pages"}],"about":[{"href":"https:\/\/atelier-thompson.de\/index.php?rest_route=\/wp\/v2\/types\/page"}],"author":[{"embeddable":true,"href":"https:\/\/atelier-thompson.de\/index.php?rest_route=\/wp\/v2\/users\/1"}],"replies":[{"embeddable":true,"href":"https:\/\/atelier-thompson.de\/index.php?rest_route=%2Fwp%2Fv2%2Fcomments&post=1875"}],"version-history":[{"count":0,"href":"https:\/\/atelier-thompson.de\/index.php?rest_route=\/wp\/v2\/pages\/1875\/revisions"}],"wp:attachment":[{"href":"https:\/\/atelier-thompson.de\/index.php?rest_route=%2Fwp%2Fv2%2Fmedia&parent=1875"}],"curies":[{"name":"wp","href":"https:\/\/api.w.org\/{rel}","templated":true}]}}